{"id":3,"date":"2023-06-06T18:35:08","date_gmt":"2023-06-06T16:35:08","guid":{"rendered":"http:\/\/armateur.steppers.be\/?page_id=3"},"modified":"2025-10-29T13:59:40","modified_gmt":"2025-10-29T12:59:40","slug":"politique-de-confidentialite","status":"publish","type":"page","link":"https:\/\/www.brasserielarmateur.fr\/index.php\/politique-de-confidentialite\/","title":{"rendered":"Politique de confidentialit\u00e9"},"content":{"rendered":"[et_pb_section fb_built=\u00a0\u00bb1&Prime; admin_label=\u00a0\u00bbsection\u00a0\u00bb _builder_version=\u00a0\u00bb4.16&Prime; global_colors_info=\u00a0\u00bb{}\u00a0\u00bb][et_pb_row admin_label=\u00a0\u00bbrow\u00a0\u00bb _builder_version=\u00a0\u00bb4.16&Prime; background_size=\u00a0\u00bbinitial\u00a0\u00bb background_position=\u00a0\u00bbtop_left\u00a0\u00bb background_repeat=\u00a0\u00bbrepeat\u00a0\u00bb global_colors_info=\u00a0\u00bb{}\u00a0\u00bb][et_pb_column type=\u00a0\u00bb4_4&Prime; _builder_version=\u00a0\u00bb4.16&Prime; custom_padding=\u00a0\u00bb|||\u00a0\u00bb global_colors_info=\u00a0\u00bb{}\u00a0\u00bb custom_padding__hover=\u00a0\u00bb|||\u00a0\u00bb][et_pb_text admin_label=\u00a0\u00bbText\u00a0\u00bb _builder_version=\u00a0\u00bb4.25.2&Prime; background_size=\u00a0\u00bbinitial\u00a0\u00bb background_position=\u00a0\u00bbtop_left\u00a0\u00bb background_repeat=\u00a0\u00bbrepeat\u00a0\u00bb hover_enabled=\u00a0\u00bb0&Prime; global_colors_info=\u00a0\u00bb{}\u00a0\u00bb sticky_enabled=\u00a0\u00bb0&Prime;]<p><\/p>\n<h1 class=\"wp-block-heading\">Politique de confidentialit\u00e9<\/h1>\n<p><strong>\u00a0<\/strong><\/p>\n<h3>Introduction<\/h3>\n<p>Nous attachons une grande importance \u00e0 la confidentialit\u00e9 et \u00e0 la protection de vos donn\u00e9es personnelles. Cette politique de confidentialit\u00e9 d\u00e9crit les donn\u00e9es que nous collectons sur notre site internet https:\/\/www.brasserielarmateur.fr, les m\u00e9thodes de traitement utilis\u00e9es, et les mesures de s\u00e9curit\u00e9 appliqu\u00e9es pour garantir leur confidentialit\u00e9. Nous respectons les r\u00e9glementations applicables, y compris le R\u00e8glement G\u00e9n\u00e9ral sur la Protection des Donn\u00e9es (RGPD) de l\u2019Union europ\u00e9enne.<\/p>\n<h3>Responsable du traitement des donn\u00e9es<\/h3>\n<p>Nom de l\u2019entreprise : Brasserie L&rsquo;armateur<br \/>Adresse : <span>27 rue de la fontaine, <\/span><span>La Roche Derrien 22450 La Roche-Jaudy<br \/><\/span>Contact e-mail : contact@brasserielarmateur.fr<br \/>Num\u00e9ro de t\u00e9l\u00e9phone : <span aria-label=\"Appeler le +33 6 46 42 08 62\">+33 6 46 42 08 62<\/span><\/p>\n<h3>Donn\u00e9es personnelles collect\u00e9es et finalit\u00e9s<\/h3>\n<p>Sur notre site internet, nous collectons et traitons des donn\u00e9es personnelles pour les finalit\u00e9s suivantes :<\/p>\n<p><strong>Formulaires de contact<\/strong>\u00a0: lorsque vous remplissez un formulaire de contact ou de demande d\u2019informations, nous collectons vos nom, pr\u00e9nom, adresse e-mail. Ces donn\u00e9es sont trait\u00e9es uniquement pour r\u00e9pondre \u00e0 vos demandes et ne sont pas utilis\u00e9es \u00e0 des fins commerciales.<\/p>\n<p><strong>Analyse de trafic et exp\u00e9rience utilisateur<\/strong>\u00a0: nous utilisons des cookies pour analyser le trafic de notre site et optimiser l\u2019exp\u00e9rience utilisateur, notamment par la personnalisation des pr\u00e9f\u00e9rences de langue ou de navigation.<\/p>\n<p><strong>Utilisation des cookies<\/strong><\/p>\n<p>Notre site utilise des cookies pour am\u00e9liorer la navigation et permettre certaines fonctionnalit\u00e9s essentielles :<\/p>\n<p><strong>Cookies de suivi de trafic<\/strong>\u00a0: cookies permettant de collecter des donn\u00e9es anonymis\u00e9es sur l\u2019utilisation de notre site (par exemple, pages visit\u00e9es, dur\u00e9e de navigation) pour analyser et am\u00e9liorer les services propos\u00e9s.<\/p>\n<p><strong>Cookies de pr\u00e9f\u00e9rence<\/strong>\u00a0: cookies permettant de sauvegarder vos pr\u00e9f\u00e9rences de langue ou d\u2019affichage pour une exp\u00e9rience plus personnalis\u00e9e.<\/p>\n<h3>Destinataires des donn\u00e9es<\/h3>\n<p>Les donn\u00e9es personnelles collect\u00e9es sont strictement destin\u00e9es \u00e0 l\u2019usage interne \u00a0de Brasserie L&rsquo;armateur et ne sont en aucun cas vendues, lou\u00e9es, ou c\u00e9d\u00e9es \u00e0 des tiers sans votre consentement. Cependant, elles peuvent \u00eatre partag\u00e9es avec des sous-traitants dans le cadre de services tels que l\u2019h\u00e9bergement du site et les analyses de trafic.<\/p>\n<h3>Dur\u00e9e de conservation des donn\u00e9es<\/h3>\n<p>Nous ne conservons vos donn\u00e9es personnelles que le temps n\u00e9cessaire pour r\u00e9pondre aux finalit\u00e9s pour lesquelles elles ont \u00e9t\u00e9 collect\u00e9es, conform\u00e9ment aux exigences l\u00e9gales applicables. Les donn\u00e9es collect\u00e9es par le biais des formulaires de contact sont conserv\u00e9es pour une dur\u00e9e maximale de 1 an, apr\u00e8s quoi elles sont supprim\u00e9es.\u00a0<\/p>\n<h3>S\u00e9curit\u00e9 des donn\u00e9es<\/h3>\n<p>Nous appliquons des mesures de s\u00e9curit\u00e9 adapt\u00e9es afin de garantir la protection de vos donn\u00e9es personnelles contre les acc\u00e8s, divulgations, modifications, ou destructions non autoris\u00e9s.<\/p>\n<h3>Vos droits<\/h3>\n<p>Conform\u00e9ment aux lois applicables, vous disposez des droits suivants concernant vos donn\u00e9es personnelles :<\/p>\n<p><strong>Droit d\u2019acc\u00e8s<\/strong>\u00a0: vous pouvez demander \u00e0 recevoir une copie des donn\u00e9es personnelles que nous d\u00e9tenons \u00e0 votre sujet.<\/p>\n<p><strong>Droit de rectification<\/strong>\u00a0: vous pouvez demander la correction de donn\u00e9es inexactes ou incompl\u00e8tes.<\/p>\n<p><strong>Droit d\u2019effacement<\/strong>\u00a0: vous pouvez demander la suppression de vos donn\u00e9es personnelles, dans certains cas.<\/p>\n<p><strong>Droit d\u2019opposition<\/strong>\u00a0: vous pouvez vous opposer au traitement de vos donn\u00e9es pour des raisons l\u00e9gitimes.<\/p>\n<p><strong>Droit \u00e0 la limitation<\/strong>\u00a0: vous pouvez demander la suspension temporaire de l\u2019utilisation de vos donn\u00e9es dans certains cas.<\/p>\n<p><strong>Droit \u00e0 la portabilit\u00e9 des donn\u00e9es<\/strong>\u00a0: vous pouvez demander la transmission de vos donn\u00e9es dans un format structur\u00e9, couramment utilis\u00e9 et lisible par machine.<\/p>\n<p>Pour exercer ces droits, veuillez nous contacter par e-mail \u00e0 l\u2019adresse suivante : contact@brasserielarmateur.fr<\/p>\n<h3>Modifications de la politique de confidentialit\u00e9<\/h3>\n<p>Cette politique de confidentialit\u00e9 est susceptible d\u2019\u00eatre modifi\u00e9e pour refl\u00e9ter les \u00e9volutions l\u00e9gislatives ou techniques. Toute modification sera publi\u00e9e sur cette page et sera effective imm\u00e9diatement.<\/p>\n<h3>Contact<\/h3>\n<p>Pour toute question relative \u00e0 cette politique de confidentialit\u00e9 ou pour exercer vos droits, veuillez nous contacter \u00e0 :<\/p>\n<p>Adresse : <span>27 rue de la fontaine, <\/span><span>La Roche Derrien 22450 La Roche-Jaudy<br \/><\/span>E-mail : contact@brasserielarmateur.fr<br \/>Num\u00e9ro de t\u00e9l\u00e9phone : <strong><a data-dtype=\"d3ph\" data-local-attribute=\"d3ph\" jscontroller=\"LWZElb\" href=\"https:\/\/www.google.com\/search?client=opera-gx&amp;q=brasserie+l%27armatuer&amp;sourceid=opera&amp;ie=UTF-8&amp;oe=UTF-8#\" jsdata=\"QKGTRc;_;Bp5U4E\" jsaction=\"rcuQ6b:npT2md;F75qrd\" data-ved=\"2ahUKEwjm852tg_2CAxXUgv0HHU7hBb8QkAgoAHoECD4QAw\"><span aria-label=\"Appeler le +33 6 46 42 08 62\">+33 6 46 42 08 62<\/span><\/a><\/strong><\/p>\n<p>&nbsp;<\/p>\n<p><\/p>[\/et_pb_text][\/et_pb_column][\/et_pb_row][\/et_pb_section]","protected":false},"excerpt":{"rendered":"<p>Politique de confidentialit\u00e9 \u00a0 Introduction Nous attachons une grande importance \u00e0 la confidentialit\u00e9 et \u00e0 la protection de vos donn\u00e9es personnelles. Cette politique de confidentialit\u00e9 d\u00e9crit les donn\u00e9es que nous collectons sur notre site internet https:\/\/www.brasserielarmateur.fr, les m\u00e9thodes de traitement utilis\u00e9es, et les mesures de s\u00e9curit\u00e9 appliqu\u00e9es pour garantir leur confidentialit\u00e9. Nous respectons les r\u00e9glementations [&hellip;]<\/p>\n","protected":false},"author":1,"featured_media":0,"parent":0,"menu_order":0,"comment_status":"closed","ping_status":"open","template":"","meta":{"_et_pb_use_builder":"on","_et_pb_old_content":"<!-- wp:heading --><h2>Qui sommes-nous\u00a0?<\/h2><!-- \/wp:heading --><!-- wp:paragraph --><p><strong class=\"privacy-policy-tutorial\">Texte sugg\u00e9r\u00e9\u00a0: <\/strong>L\u2019adresse de notre site est\u00a0: https:\/\/www.brasserielarmateur.fr.<\/p><!-- \/wp:paragraph --><!-- wp:heading --><h2>Commentaires<\/h2><!-- \/wp:heading --><!-- wp:paragraph --><p><strong class=\"privacy-policy-tutorial\">Texte sugg\u00e9r\u00e9\u00a0: <\/strong>Quand vous laissez un commentaire sur notre site, les donn\u00e9es inscrites dans le formulaire de commentaire, ainsi que votre adresse IP et l\u2019agent utilisateur de votre navigateur sont collect\u00e9s pour nous aider \u00e0 la d\u00e9tection des commentaires ind\u00e9sirables.<\/p><!-- \/wp:paragraph --><!-- wp:paragraph --><p>Une cha\u00eene anonymis\u00e9e cr\u00e9\u00e9e \u00e0 partir de votre adresse e-mail (\u00e9galement appel\u00e9e hash) peut \u00eatre envoy\u00e9e au service Gravatar pour v\u00e9rifier si vous utilisez ce dernier. Les clauses de confidentialit\u00e9 du service Gravatar sont disponibles ici\u00a0: https:\/\/automattic.com\/privacy\/. Apr\u00e8s validation de votre commentaire, votre photo de profil sera visible publiquement \u00e0 cot\u00e9 de votre commentaire.<\/p><!-- \/wp:paragraph --><!-- wp:heading --><h2>M\u00e9dias<\/h2><!-- \/wp:heading --><!-- wp:paragraph --><p><strong class=\"privacy-policy-tutorial\">Texte sugg\u00e9r\u00e9\u00a0: <\/strong>Si vous t\u00e9l\u00e9versez des images sur le site, nous vous conseillons d\u2019\u00e9viter de t\u00e9l\u00e9verser des images contenant des donn\u00e9es EXIF de coordonn\u00e9es GPS. Les personnes visitant votre site peuvent t\u00e9l\u00e9charger et extraire des donn\u00e9es de localisation depuis ces images.<\/p><!-- \/wp:paragraph --><!-- wp:heading --><h2>Cookies<\/h2><!-- \/wp:heading --><!-- wp:paragraph --><p><strong class=\"privacy-policy-tutorial\">Texte sugg\u00e9r\u00e9\u00a0: <\/strong>Si vous d\u00e9posez un commentaire sur notre site, il vous sera propos\u00e9 d\u2019enregistrer votre nom, adresse e-mail et site dans des cookies. C\u2019est uniquement pour votre confort afin de ne pas avoir \u00e0 saisir ces informations si vous d\u00e9posez un autre commentaire plus tard. Ces cookies expirent au bout d\u2019un an.<\/p><!-- \/wp:paragraph --><!-- wp:paragraph --><p>Si vous vous rendez sur la page de connexion, un cookie temporaire sera cr\u00e9\u00e9 afin de d\u00e9terminer si votre navigateur accepte les cookies. Il ne contient pas de donn\u00e9es personnelles et sera supprim\u00e9 automatiquement \u00e0 la fermeture de votre navigateur.<\/p><!-- \/wp:paragraph --><!-- wp:paragraph --><p>Lorsque vous vous connecterez, nous mettrons en place un certain nombre de cookies pour enregistrer vos informations de connexion et vos pr\u00e9f\u00e9rences d\u2019\u00e9cran. La dur\u00e9e de vie d\u2019un cookie de connexion est de deux jours, celle d\u2019un cookie d\u2019option d\u2019\u00e9cran est d\u2019un an. Si vous cochez \u00ab\u00a0Se souvenir de moi\u00a0\u00bb, votre cookie de connexion sera conserv\u00e9 pendant deux semaines. Si vous vous d\u00e9connectez de votre compte, le cookie de connexion sera effac\u00e9.<\/p><!-- \/wp:paragraph --><!-- wp:paragraph --><p>En modifiant ou en publiant une publication, un cookie suppl\u00e9mentaire sera enregistr\u00e9 dans votre navigateur. Ce cookie ne comprend aucune donn\u00e9e personnelle. Il indique simplement l\u2019ID de la publication que vous venez de modifier. Il expire au bout d\u2019un jour.<\/p><!-- \/wp:paragraph --><!-- wp:heading --><h2>Contenu embarqu\u00e9 depuis d\u2019autres sites<\/h2><!-- \/wp:heading --><!-- wp:paragraph --><p><strong class=\"privacy-policy-tutorial\">Texte sugg\u00e9r\u00e9\u00a0: <\/strong>Les articles de ce site peuvent inclure des contenus int\u00e9gr\u00e9s (par exemple des vid\u00e9os, images, articles\u2026). Le contenu int\u00e9gr\u00e9 depuis d\u2019autres sites se comporte de la m\u00eame mani\u00e8re que si le visiteur se rendait sur cet autre site.<\/p><!-- \/wp:paragraph --><!-- wp:paragraph --><p>Ces sites web pourraient collecter des donn\u00e9es sur vous, utiliser des cookies, embarquer des outils de suivis tiers, suivre vos interactions avec ces contenus embarqu\u00e9s si vous disposez d\u2019un compte connect\u00e9 sur leur site web.<\/p><!-- \/wp:paragraph --><!-- wp:heading --><h2>Utilisation et transmission de vos donn\u00e9es personnelles<\/h2><!-- \/wp:heading --><!-- wp:paragraph --><p><strong class=\"privacy-policy-tutorial\">Texte sugg\u00e9r\u00e9\u00a0: <\/strong>Si vous demandez une r\u00e9initialisation de votre mot de passe, votre adresse IP sera incluse dans l\u2019e-mail de r\u00e9initialisation.<\/p><!-- \/wp:paragraph --><!-- wp:heading --><h2>Dur\u00e9es de stockage de vos donn\u00e9es<\/h2><!-- \/wp:heading --><!-- wp:paragraph --><p><strong class=\"privacy-policy-tutorial\">Texte sugg\u00e9r\u00e9\u00a0: <\/strong>Si vous laissez un commentaire, le commentaire et ses m\u00e9tadonn\u00e9es sont conserv\u00e9s ind\u00e9finiment. Cela permet de reconna\u00eetre et approuver automatiquement les commentaires suivants au lieu de les laisser dans la file de mod\u00e9ration.<\/p><!-- \/wp:paragraph --><!-- wp:paragraph --><p>Pour les comptes qui s\u2019inscrivent sur notre site (le cas \u00e9ch\u00e9ant), nous stockons \u00e9galement les donn\u00e9es personnelles indiqu\u00e9es dans leur profil. Tous les comptes peuvent voir, modifier ou supprimer leurs informations personnelles \u00e0 tout moment (\u00e0 l\u2019exception de leur identifiant). Les gestionnaires du site peuvent aussi voir et modifier ces informations.<\/p><!-- \/wp:paragraph --><!-- wp:heading --><h2>Les droits que vous avez sur vos donn\u00e9es<\/h2><!-- \/wp:heading --><!-- wp:paragraph --><p><strong class=\"privacy-policy-tutorial\">Texte sugg\u00e9r\u00e9\u00a0: <\/strong>Si vous avez un compte ou si vous avez laiss\u00e9 des commentaires sur le site, vous pouvez demander \u00e0 recevoir un fichier contenant toutes les donn\u00e9es personnelles que nous poss\u00e9dons \u00e0 votre sujet, incluant celles que vous nous avez fournies. Vous pouvez \u00e9galement demander la suppression des donn\u00e9es personnelles vous concernant. Cela ne prend pas en compte les donn\u00e9es stock\u00e9es \u00e0 des fins administratives, l\u00e9gales ou pour des raisons de s\u00e9curit\u00e9.<\/p><!-- \/wp:paragraph --><!-- wp:heading --><h2>O\u00f9 vos donn\u00e9es sont envoy\u00e9es<\/h2><!-- \/wp:heading --><!-- wp:paragraph --><p><strong class=\"privacy-policy-tutorial\">Texte sugg\u00e9r\u00e9\u00a0: <\/strong>Les commentaires des visiteurs peuvent \u00eatre v\u00e9rifi\u00e9s \u00e0 l\u2019aide d\u2019un service automatis\u00e9 de d\u00e9tection des commentaires ind\u00e9sirables.<\/p><!-- \/wp:paragraph -->","_et_gb_content_width":"","footnotes":""},"class_list":["post-3","page","type-page","status-publish","hentry"],"yoast_head":"<!-- This site is optimized with the Yoast SEO plugin v27.1.1 - https:\/\/yoast.com\/product\/yoast-seo-wordpress\/ -->\n<title>Politique de confidentialit\u00e9 - Brasserie l&#039;armateur<\/title>\n<meta name=\"robots\" content=\"index, follow, max-snippet:-1, max-image-preview:large, max-video-preview:-1\" \/>\n<link rel=\"canonical\" href=\"https:\/\/www.brasserielarmateur.fr\/index.php\/politique-de-confidentialite\/\" \/>\n<meta property=\"og:locale\" content=\"fr_FR\" \/>\n<meta property=\"og:type\" content=\"article\" \/>\n<meta property=\"og:title\" content=\"Politique de confidentialit\u00e9 - Brasserie l&#039;armateur\" \/>\n<meta property=\"og:description\" content=\"Politique de confidentialit\u00e9 \u00a0 Introduction Nous attachons une grande importance \u00e0 la confidentialit\u00e9 et \u00e0 la protection de vos donn\u00e9es personnelles. Cette politique de confidentialit\u00e9 d\u00e9crit les donn\u00e9es que nous collectons sur notre site internet https:\/\/www.brasserielarmateur.fr, les m\u00e9thodes de traitement utilis\u00e9es, et les mesures de s\u00e9curit\u00e9 appliqu\u00e9es pour garantir leur confidentialit\u00e9. Nous respectons les r\u00e9glementations [&hellip;]\" \/>\n<meta property=\"og:url\" content=\"https:\/\/www.brasserielarmateur.fr\/index.php\/politique-de-confidentialite\/\" \/>\n<meta property=\"og:site_name\" content=\"Brasserie l&#039;armateur\" \/>\n<meta property=\"article:modified_time\" content=\"2025-10-29T12:59:40+00:00\" \/>\n<meta name=\"twitter:card\" content=\"summary_large_image\" \/>\n<meta name=\"twitter:label1\" content=\"Dur\u00e9e de lecture estim\u00e9e\" \/>\n\t<meta name=\"twitter:data1\" content=\"4 minutes\" \/>\n<script type=\"application\/ld+json\" class=\"yoast-schema-graph\">{\"@context\":\"https:\/\/schema.org\",\"@graph\":[{\"@type\":\"WebPage\",\"@id\":\"https:\/\/www.brasserielarmateur.fr\/index.php\/politique-de-confidentialite\/\",\"url\":\"https:\/\/www.brasserielarmateur.fr\/index.php\/politique-de-confidentialite\/\",\"name\":\"Politique de confidentialit\u00e9 - Brasserie l&#039;armateur\",\"isPartOf\":{\"@id\":\"https:\/\/www.brasserielarmateur.fr\/#website\"},\"datePublished\":\"2023-06-06T16:35:08+00:00\",\"dateModified\":\"2025-10-29T12:59:40+00:00\",\"breadcrumb\":{\"@id\":\"https:\/\/www.brasserielarmateur.fr\/index.php\/politique-de-confidentialite\/#breadcrumb\"},\"inLanguage\":\"fr-FR\",\"potentialAction\":[{\"@type\":\"ReadAction\",\"target\":[\"https:\/\/www.brasserielarmateur.fr\/index.php\/politique-de-confidentialite\/\"]}]},{\"@type\":\"BreadcrumbList\",\"@id\":\"https:\/\/www.brasserielarmateur.fr\/index.php\/politique-de-confidentialite\/#breadcrumb\",\"itemListElement\":[{\"@type\":\"ListItem\",\"position\":1,\"name\":\"Accueil\",\"item\":\"https:\/\/www.brasserielarmateur.fr\/\"},{\"@type\":\"ListItem\",\"position\":2,\"name\":\"Politique de confidentialit\u00e9\"}]},{\"@type\":\"WebSite\",\"@id\":\"https:\/\/www.brasserielarmateur.fr\/#website\",\"url\":\"https:\/\/www.brasserielarmateur.fr\/\",\"name\":\"Brasserie l&#039;armateur\",\"description\":\"Mettre du sens dans ce que l&#039;on boit\",\"potentialAction\":[{\"@type\":\"SearchAction\",\"target\":{\"@type\":\"EntryPoint\",\"urlTemplate\":\"https:\/\/www.brasserielarmateur.fr\/?s={search_term_string}\"},\"query-input\":{\"@type\":\"PropertyValueSpecification\",\"valueRequired\":true,\"valueName\":\"search_term_string\"}}],\"inLanguage\":\"fr-FR\"}]}<\/script>\n<!-- \/ Yoast SEO plugin. -->","yoast_head_json":{"title":"Politique de confidentialit\u00e9 - Brasserie l&#039;armateur","robots":{"index":"index","follow":"follow","max-snippet":"max-snippet:-1","max-image-preview":"max-image-preview:large","max-video-preview":"max-video-preview:-1"},"canonical":"https:\/\/www.brasserielarmateur.fr\/index.php\/politique-de-confidentialite\/","og_locale":"fr_FR","og_type":"article","og_title":"Politique de confidentialit\u00e9 - Brasserie l&#039;armateur","og_description":"Politique de confidentialit\u00e9 \u00a0 Introduction Nous attachons une grande importance \u00e0 la confidentialit\u00e9 et \u00e0 la protection de vos donn\u00e9es personnelles. Cette politique de confidentialit\u00e9 d\u00e9crit les donn\u00e9es que nous collectons sur notre site internet https:\/\/www.brasserielarmateur.fr, les m\u00e9thodes de traitement utilis\u00e9es, et les mesures de s\u00e9curit\u00e9 appliqu\u00e9es pour garantir leur confidentialit\u00e9. Nous respectons les r\u00e9glementations [&hellip;]","og_url":"https:\/\/www.brasserielarmateur.fr\/index.php\/politique-de-confidentialite\/","og_site_name":"Brasserie l&#039;armateur","article_modified_time":"2025-10-29T12:59:40+00:00","twitter_card":"summary_large_image","twitter_misc":{"Dur\u00e9e de lecture estim\u00e9e":"4 minutes"},"schema":{"@context":"https:\/\/schema.org","@graph":[{"@type":"WebPage","@id":"https:\/\/www.brasserielarmateur.fr\/index.php\/politique-de-confidentialite\/","url":"https:\/\/www.brasserielarmateur.fr\/index.php\/politique-de-confidentialite\/","name":"Politique de confidentialit\u00e9 - Brasserie l&#039;armateur","isPartOf":{"@id":"https:\/\/www.brasserielarmateur.fr\/#website"},"datePublished":"2023-06-06T16:35:08+00:00","dateModified":"2025-10-29T12:59:40+00:00","breadcrumb":{"@id":"https:\/\/www.brasserielarmateur.fr\/index.php\/politique-de-confidentialite\/#breadcrumb"},"inLanguage":"fr-FR","potentialAction":[{"@type":"ReadAction","target":["https:\/\/www.brasserielarmateur.fr\/index.php\/politique-de-confidentialite\/"]}]},{"@type":"BreadcrumbList","@id":"https:\/\/www.brasserielarmateur.fr\/index.php\/politique-de-confidentialite\/#breadcrumb","itemListElement":[{"@type":"ListItem","position":1,"name":"Accueil","item":"https:\/\/www.brasserielarmateur.fr\/"},{"@type":"ListItem","position":2,"name":"Politique de confidentialit\u00e9"}]},{"@type":"WebSite","@id":"https:\/\/www.brasserielarmateur.fr\/#website","url":"https:\/\/www.brasserielarmateur.fr\/","name":"Brasserie l&#039;armateur","description":"Mettre du sens dans ce que l&#039;on boit","potentialAction":[{"@type":"SearchAction","target":{"@type":"EntryPoint","urlTemplate":"https:\/\/www.brasserielarmateur.fr\/?s={search_term_string}"},"query-input":{"@type":"PropertyValueSpecification","valueRequired":true,"valueName":"search_term_string"}}],"inLanguage":"fr-FR"}]}},"_links":{"self":[{"href":"https:\/\/www.brasserielarmateur.fr\/index.php\/wp-json\/wp\/v2\/pages\/3","targetHints":{"allow":["GET"]}}],"collection":[{"href":"https:\/\/www.brasserielarmateur.fr\/index.php\/wp-json\/wp\/v2\/pages"}],"about":[{"href":"https:\/\/www.brasserielarmateur.fr\/index.php\/wp-json\/wp\/v2\/types\/page"}],"author":[{"embeddable":true,"href":"https:\/\/www.brasserielarmateur.fr\/index.php\/wp-json\/wp\/v2\/users\/1"}],"replies":[{"embeddable":true,"href":"https:\/\/www.brasserielarmateur.fr\/index.php\/wp-json\/wp\/v2\/comments?post=3"}],"version-history":[{"count":2,"href":"https:\/\/www.brasserielarmateur.fr\/index.php\/wp-json\/wp\/v2\/pages\/3\/revisions"}],"predecessor-version":[{"id":343,"href":"https:\/\/www.brasserielarmateur.fr\/index.php\/wp-json\/wp\/v2\/pages\/3\/revisions\/343"}],"wp:attachment":[{"href":"https:\/\/www.brasserielarmateur.fr\/index.php\/wp-json\/wp\/v2\/media?parent=3"}],"curies":[{"name":"wp","href":"https:\/\/api.w.org\/{rel}","templated":true}]}}